{"id":585,"date":"2021-03-23T19:57:58","date_gmt":"2021-03-23T18:57:58","guid":{"rendered":"https:\/\/www.tenutasannicola.it\/?page_id=585"},"modified":"2021-03-23T22:41:51","modified_gmt":"2021-03-23T21:41:51","slug":"cookie-policy","status":"publish","type":"page","link":"https:\/\/www.tenutasannicola.it\/index.php\/cookie-policy\/","title":{"rendered":"Cookie Policy"},"content":{"rendered":"\n<h2 class=\"has-text-align-left wp-block-heading\">Cookie Policy<\/h2>\n\n\n\n<p class=\"has-text-align-left\">I cookie sono piccoli file di testo che i siti visitati inviano al terminale (desktop, tablet, smartphone, notebook) dell&#8217;utente, dove vengono memorizzati, prima di essere ritrasmessi agli stessi siti alla visita successiva. Vengono utilizzati per eseguire informazioni di autenticazione, monitoraggio di sessioni e memorizzazione di informazioni (senza l&#8217;uso di cookie &#8220;tecnici&#8221; alcune operazioni sarebbero molto difficili o impossibili da eseguire). Durante la navigazione di un sito, l&#8217;Utente pu\u00f2 ricevere su i suoi terminali anche cookie che vengono inviati da siti o server Web diversi (i cosiddetti &#8220;terzi&#8221;), sui quali possono risiedere alcuni elementi (come, ad esempio immagini, mappe, suoni, collegamenti a pagine specifiche in altri domini) sul sito che sta visitando.<\/p>\n\n\n\n<p class=\"has-text-align-left\">In linea con le pratiche standard di molti siti web,  (&#8220;Applicazione&#8221;) potrebbe installare sul computer utilizzato dall\u2019utente ed accedere a cookie, web beacon, Flash cookie ed altre tecnologie. Utilizzando l&#8217;Applicazione, l\u2019utente accetta l\u2019utilizzo dei cookie. Segue l\u2019elenco dei cookie di terze parti (tutti gli altri sono cookie tecnici), che l&#8217;Applicazione potr\u00e0 archiviare sul Suo computer per fornire prodotti, informazioni ed erogare servizi.<\/p>\n\n\n\n<h4 class=\"has-text-align-left wp-block-heading\"><strong>Cookie di prima parte<\/strong><\/h4>\n\n\n\n<p class=\"has-text-align-left\">I cookie inviati dall&#8217;Applicazione sono definiti cookie di prima parte. I cookie di prima parte sono cookie che appartengono all&#8217;Applicazione che li ha creati. L&#8217;utilizzo di tali cookie ci permette di far funzionare l&#8217;Applicazione in modo efficiente e fornire i nostri servizi. In questa Applicazione tutti i cookie di prima parte, nessuno escluso, sono cookie tecnici. \u00c8 possibile modificare o cancellare tali cookie tramite il browser di navigazione in uso seguendo le istruzioni fornite nella guida del Suo browser. Le guide ad alcuni dei browser pi\u00f9 comuni si trovano ai seguenti indirizzi: <a href=\"https:\/\/support.google.com\/chrome\/answer\/95647?hl=en&amp;p=cpn_cookies\">Google Chrome<\/a>, <a href=\"https:\/\/support.mozilla.org\/en-US\/kb\/enable-and-disable-cookies-website-preferences\">Mozilla Firefox<\/a>, <a href=\"https:\/\/support.apple.com\/kb\/PH19214?locale=en_US&amp;viewlocale=en_US\">Apple Safari<\/a> e <a href=\"https:\/\/support.microsoft.com\/en-us\/help\/17442\/windows-internet-explorer-delete-manage-cookies\">Microsoft Windows Explorer<\/a>.<\/p>\n\n\n\n<h4 class=\"has-text-align-left wp-block-heading\"><strong>Cookie di terze parti<\/strong><\/h4>\n\n\n\n<p class=\"has-text-align-left\">Consentiamo anche a terzi di inviare cookie sul Suo dispositivo. La differenza tra un cookie di prima parte e un cookie di terzi riguarda il controllo da parte del soggetto che invia il cookie. Anche se consentiamo a terzi di accedere all&#8217;Applicazione per inviare i cookie sul dispositivo dell\u2019utente, non abbiamo il controllo sulle informazioni fornite dai cookie e non abbiamo accesso a tali dati. Queste informazioni sono controllate totalmente da terzi secondo quanto descritto nella Privacy Policy. Alcuni cookie di terze parti, opportunamente indicati in tabella, sono cookie statistici. Essi raccolgono informazioni sulle modalit\u00e0 di impiego del Sito web da parte dell&#8217;utente, ad esempio: quali pagine vengono visitate e gli errori che \u00e8 possibile riscontrare. Tali cookie vengono utilizzati per aiutarci a migliorare il funzionamento dell&#8217;Applicazione e comprendere gli interessi degli utenti.<\/p>\n\n\n\n<h4 class=\"has-text-align-left wp-block-heading\"><strong>Opzioni di esclusione<\/strong><\/h4>\n\n\n\n<p class=\"has-text-align-left\">Per determinati cookie, per opporsi al trattamento dei Suoi dati personali per consentirci di proporle pubblicit\u00e0 comportamentale o di raccogliere dati statistici, pu\u00f2 impostare il relativo cookie di esclusione della pubblicit\u00e0 visitando il sito e seguendo le istruzioni ivi fornite.<\/p>\n\n\n\n<p class=\"has-text-align-left\">Si prega di notare che, anche in caso di esercizio del diritto di opposizione, potrebbe ricevere comunque inserzioni pubblicitarie, anche se non pi\u00f9 annunci personalizzati in base ai Suoi interessi. Se in futuro dovesse cancellare i cookie, dovr\u00e0 esercitare nuovamente il diritto di opposizione. Dovr\u00e0 esercitare nuovamente il diritto di opposizione anche se utilizza un browser di navigazione diverso.<\/p>\n\n\n\n<p class=\"has-text-align-left\">Attraverso le informazioni e gli strumenti indicati nella presente Cookie Policy \u00e8 dunque possibile disabilitare, cancellare o negare il consenso all&#8217;uso di qualsiasi cookie.<\/p>\n\n\n\n<p class=\"has-text-align-left\">Ulteriori informazioni sul trattamento dei dati<\/p>\n\n\n\n<p class=\"has-text-align-left\">L&#8217;utilizzo dei cookie e la compilazione della presente Cookie Policy avvengono in adempimento degli obblighi previsti dall&#8217;Art. 10 della Direttiva n. 95\/46\/CE, nonch\u00e9 a quanto previsto dalla Direttiva 2002\/58\/CE, come aggiornata dalla Direttiva 2009\/136\/CE e successivi provvedimenti in materia di Privacy e Cookie.<\/p>\n\n\n\n<p class=\"has-text-align-left\"><a href=\"https:\/\/www.garanteprivacy.it\/web\/guest\/home\/provvedimenti-normativa\" target=\"_blank\" rel=\"noreferrer noopener\">https:\/\/www.garanteprivacy.it\/web\/guest\/home\/provvedimenti-normativa<\/a><\/p>\n","protected":false},"excerpt":{"rendered":"<p>Cookie Policy I cookie sono piccoli file di testo che i siti visitati inviano al terminale (desktop, tablet, smartphone, notebook) dell&#8217;utente, dove vengono memorizzati, prima di essere ritrasmessi agli stessi siti alla visita successiva. Vengono utilizzati per eseguire informazioni di autenticazione, monitoraggio di sessioni e memorizzazione di informazioni (senza l&#8217;uso di cookie &#8220;tecnici&#8221; alcune operazioni [&hellip;]<\/p>\n","protected":false},"author":1,"featured_media":0,"parent":0,"menu_order":0,"comment_status":"closed","ping_status":"closed","template":"","meta":{"footnotes":""},"class_list":["post-585","page","type-page","status-publish","hentry"],"_links":{"self":[{"href":"https:\/\/www.tenutasannicola.it\/index.php\/wp-json\/wp\/v2\/pages\/585","targetHints":{"allow":["GET"]}}],"collection":[{"href":"https:\/\/www.tenutasannicola.it\/index.php\/wp-json\/wp\/v2\/pages"}],"about":[{"href":"https:\/\/www.tenutasannicola.it\/index.php\/wp-json\/wp\/v2\/types\/page"}],"author":[{"embeddable":true,"href":"https:\/\/www.tenutasannicola.it\/index.php\/wp-json\/wp\/v2\/users\/1"}],"replies":[{"embeddable":true,"href":"https:\/\/www.tenutasannicola.it\/index.php\/wp-json\/wp\/v2\/comments?post=585"}],"version-history":[{"count":9,"href":"https:\/\/www.tenutasannicola.it\/index.php\/wp-json\/wp\/v2\/pages\/585\/revisions"}],"predecessor-version":[{"id":687,"href":"https:\/\/www.tenutasannicola.it\/index.php\/wp-json\/wp\/v2\/pages\/585\/revisions\/687"}],"wp:attachment":[{"href":"https:\/\/www.tenutasannicola.it\/index.php\/wp-json\/wp\/v2\/media?parent=585"}],"curies":[{"name":"wp","href":"https:\/\/api.w.org\/{rel}","templated":true}]}}